{"id":1993,"date":"2021-11-05T14:59:12","date_gmt":"2021-11-05T14:59:12","guid":{"rendered":"https:\/\/couppouce.ca\/alimentaire\/"},"modified":"2021-11-05T14:59:12","modified_gmt":"2021-11-05T14:59:12","slug":"alimentaire","status":"publish","type":"page","link":"https:\/\/product-iv.ca\/en\/alimentaire\/","title":{"rendered":"Alimentaire"},"content":{"rendered":"","protected":false},"excerpt":{"rendered":"","protected":false},"author":2,"featured_media":0,"parent":0,"menu_order":0,"comment_status":"closed","ping_status":"closed","template":"templates\/sous-traitance.php","meta":{"_acf_changed":false,"footnotes":""},"class_list":["post-1993","page","type-page","status-publish","hentry"],"acf":[],"yoast_head":"<!-- This site is optimized with the Yoast SEO plugin v27.5 - https:\/\/yoast.com\/product\/yoast-seo-wordpress\/ -->\n<title>Coup de Pouce | Sous-traitance manufacturi\u00e8re | Alimentaire<\/title>\n<meta name=\"description\" content=\"B\u00e9n\u00e9ficiez de nos services de sous-traitance manufacturi\u00e8re dans le domaine alimentaire. Emballage, pr\u00e9paration de commande et bien plus.\" \/>\n<meta name=\"robots\" content=\"index, follow, max-snippet:-1, max-image-preview:large, max-video-preview:-1\" \/>\n<link rel=\"canonical\" href=\"https:\/\/product-iv.ca\/en\/alimentaire\/\" \/>\n<meta property=\"og:locale\" content=\"en_US\" \/>\n<meta property=\"og:type\" content=\"article\" \/>\n<meta property=\"og:title\" content=\"Coup de Pouce | Sous-traitance manufacturi\u00e8re | Alimentaire\" \/>\n<meta property=\"og:description\" content=\"B\u00e9n\u00e9ficiez de nos services de sous-traitance manufacturi\u00e8re dans le domaine alimentaire. Emballage, pr\u00e9paration de commande et bien plus.\" \/>\n<meta property=\"og:url\" content=\"https:\/\/product-iv.ca\/en\/alimentaire\/\" \/>\n<meta property=\"og:site_name\" content=\"Product-iv\" \/>\n<meta property=\"article:publisher\" content=\"https:\/\/www.facebook.com\/coupdepouceqc\" \/>\n<meta name=\"twitter:card\" content=\"summary_large_image\" \/>\n<script type=\"application\/ld+json\" class=\"yoast-schema-graph\">{\"@context\":\"https:\\\/\\\/schema.org\",\"@graph\":[{\"@type\":\"WebPage\",\"@id\":\"https:\\\/\\\/product-iv.ca\\\/en\\\/alimentaire\\\/\",\"url\":\"https:\\\/\\\/product-iv.ca\\\/en\\\/alimentaire\\\/\",\"name\":\"Coup de Pouce | Sous-traitance manufacturi\u00e8re | Alimentaire\",\"isPartOf\":{\"@id\":\"https:\\\/\\\/product-iv.ca\\\/#website\"},\"datePublished\":\"2021-11-05T14:59:12+00:00\",\"description\":\"B\u00e9n\u00e9ficiez de nos services de sous-traitance manufacturi\u00e8re dans le domaine alimentaire. Emballage, pr\u00e9paration de commande et bien plus.\",\"breadcrumb\":{\"@id\":\"https:\\\/\\\/product-iv.ca\\\/en\\\/alimentaire\\\/#breadcrumb\"},\"inLanguage\":\"en-US\",\"potentialAction\":[{\"@type\":\"ReadAction\",\"target\":[\"https:\\\/\\\/product-iv.ca\\\/en\\\/alimentaire\\\/\"]}]},{\"@type\":\"BreadcrumbList\",\"@id\":\"https:\\\/\\\/product-iv.ca\\\/en\\\/alimentaire\\\/#breadcrumb\",\"itemListElement\":[{\"@type\":\"ListItem\",\"position\":1,\"name\":\"Accueil\",\"item\":\"https:\\\/\\\/product-iv.ca\\\/en\\\/\"},{\"@type\":\"ListItem\",\"position\":2,\"name\":\"Alimentaire\"}]},{\"@type\":\"WebSite\",\"@id\":\"https:\\\/\\\/product-iv.ca\\\/#website\",\"url\":\"https:\\\/\\\/product-iv.ca\\\/\",\"name\":\"Product-iv\",\"description\":\"Repensez votre production\",\"potentialAction\":[{\"@type\":\"SearchAction\",\"target\":{\"@type\":\"EntryPoint\",\"urlTemplate\":\"https:\\\/\\\/product-iv.ca\\\/?s={search_term_string}\"},\"query-input\":{\"@type\":\"PropertyValueSpecification\",\"valueRequired\":true,\"valueName\":\"search_term_string\"}}],\"inLanguage\":\"en-US\"}]}<\/script>\n<!-- \/ Yoast SEO plugin. -->","yoast_head_json":{"title":"Coup de Pouce | Sous-traitance manufacturi\u00e8re | Alimentaire","description":"B\u00e9n\u00e9ficiez de nos services de sous-traitance manufacturi\u00e8re dans le domaine alimentaire. Emballage, pr\u00e9paration de commande et bien plus.","robots":{"index":"index","follow":"follow","max-snippet":"max-snippet:-1","max-image-preview":"max-image-preview:large","max-video-preview":"max-video-preview:-1"},"canonical":"https:\/\/product-iv.ca\/en\/alimentaire\/","og_locale":"en_US","og_type":"article","og_title":"Coup de Pouce | Sous-traitance manufacturi\u00e8re | Alimentaire","og_description":"B\u00e9n\u00e9ficiez de nos services de sous-traitance manufacturi\u00e8re dans le domaine alimentaire. Emballage, pr\u00e9paration de commande et bien plus.","og_url":"https:\/\/product-iv.ca\/en\/alimentaire\/","og_site_name":"Product-iv","article_publisher":"https:\/\/www.facebook.com\/coupdepouceqc","twitter_card":"summary_large_image","schema":{"@context":"https:\/\/schema.org","@graph":[{"@type":"WebPage","@id":"https:\/\/product-iv.ca\/en\/alimentaire\/","url":"https:\/\/product-iv.ca\/en\/alimentaire\/","name":"Coup de Pouce | Sous-traitance manufacturi\u00e8re | Alimentaire","isPartOf":{"@id":"https:\/\/product-iv.ca\/#website"},"datePublished":"2021-11-05T14:59:12+00:00","description":"B\u00e9n\u00e9ficiez de nos services de sous-traitance manufacturi\u00e8re dans le domaine alimentaire. Emballage, pr\u00e9paration de commande et bien plus.","breadcrumb":{"@id":"https:\/\/product-iv.ca\/en\/alimentaire\/#breadcrumb"},"inLanguage":"en-US","potentialAction":[{"@type":"ReadAction","target":["https:\/\/product-iv.ca\/en\/alimentaire\/"]}]},{"@type":"BreadcrumbList","@id":"https:\/\/product-iv.ca\/en\/alimentaire\/#breadcrumb","itemListElement":[{"@type":"ListItem","position":1,"name":"Accueil","item":"https:\/\/product-iv.ca\/en\/"},{"@type":"ListItem","position":2,"name":"Alimentaire"}]},{"@type":"WebSite","@id":"https:\/\/product-iv.ca\/#website","url":"https:\/\/product-iv.ca\/","name":"Product-iv","description":"Repensez votre production","potentialAction":[{"@type":"SearchAction","target":{"@type":"EntryPoint","urlTemplate":"https:\/\/product-iv.ca\/?s={search_term_string}"},"query-input":{"@type":"PropertyValueSpecification","valueRequired":true,"valueName":"search_term_string"}}],"inLanguage":"en-US"}]}},"_links":{"self":[{"href":"https:\/\/product-iv.ca\/en\/wp-json\/wp\/v2\/pages\/1993","targetHints":{"allow":["GET"]}}],"collection":[{"href":"https:\/\/product-iv.ca\/en\/wp-json\/wp\/v2\/pages"}],"about":[{"href":"https:\/\/product-iv.ca\/en\/wp-json\/wp\/v2\/types\/page"}],"author":[{"embeddable":true,"href":"https:\/\/product-iv.ca\/en\/wp-json\/wp\/v2\/users\/2"}],"replies":[{"embeddable":true,"href":"https:\/\/product-iv.ca\/en\/wp-json\/wp\/v2\/comments?post=1993"}],"version-history":[{"count":0,"href":"https:\/\/product-iv.ca\/en\/wp-json\/wp\/v2\/pages\/1993\/revisions"}],"wp:attachment":[{"href":"https:\/\/product-iv.ca\/en\/wp-json\/wp\/v2\/media?parent=1993"}],"curies":[{"name":"wp","href":"https:\/\/api.w.org\/{rel}","templated":true}]}}